{"id":784,"date":"2026-04-10T14:14:15","date_gmt":"2026-04-10T14:14:15","guid":{"rendered":"https:\/\/cetem.net.br\/codificacao\/?page_id=784"},"modified":"2026-04-22T13:45:20","modified_gmt":"2026-04-22T13:45:20","slug":"locacao","status":"publish","type":"page","link":"https:\/\/cetem.net.br\/codificacao\/locacao\/","title":{"rendered":"Loca\u00e7\u00e3o Codifica\u00e7\u00e3o"},"content":{"rendered":"\t\t<div data-elementor-type=\"wp-page\" data-elementor-id=\"784\" class=\"elementor elementor-784\" data-elementor-post-type=\"page\">\n\t\t\t\t<div class=\"elementor-element elementor-element-f28d107 e-flex e-con-boxed e-con e-parent\" data-id=\"f28d107\" data-element_type=\"container\" data-e-type=\"container\">\n\t\t\t\t\t<div class=\"e-con-inner\">\n\t\t\t\t<div class=\"elementor-element elementor-element-b814006 elementor-widget elementor-widget-spacer\" data-id=\"b814006\" data-element_type=\"widget\" data-e-type=\"widget\" data-widget_type=\"spacer.default\">\n\t\t\t\t\t\t\t<div class=\"elementor-spacer\">\n\t\t\t<div class=\"elementor-spacer-inner\"><\/div>\n\t\t<\/div>\n\t\t\t\t\t\t<\/div>\n\t\t\t\t\t<\/div>\n\t\t\t\t<\/div>\n\t\t<div class=\"elementor-element elementor-element-a0cbf3d e-flex e-con-boxed e-con e-parent\" data-id=\"a0cbf3d\" data-element_type=\"container\" data-e-type=\"container\">\n\t\t\t\t\t<div class=\"e-con-inner\">\n\t\t<div class=\"elementor-element elementor-element-ce6e724 e-con-full e-flex e-con e-child\" data-id=\"ce6e724\" data-element_type=\"container\" data-e-type=\"container\">\n\t\t<div class=\"elementor-element elementor-element-2a0288f e-con-full e-flex e-con e-child\" data-id=\"2a0288f\" data-element_type=\"container\" data-e-type=\"container\">\n\t\t\t\t<div class=\"elementor-element elementor-element-b82bb45 elementor-widget elementor-widget-heading\" data-id=\"b82bb45\" data-element_type=\"widget\" data-e-type=\"widget\" data-widget_type=\"heading.default\">\n\t\t\t\t\t<h2 class=\"elementor-heading-title elementor-size-default\">Loca\u00e7\u00e3o <\/h2>\t\t\t\t<\/div>\n\t\t\t\t<div class=\"elementor-element elementor-element-fb0267e elementor-widget elementor-widget-heading\" data-id=\"fb0267e\" data-element_type=\"widget\" data-e-type=\"widget\" data-widget_type=\"heading.default\">\n\t\t\t\t\t<h2 class=\"elementor-heading-title elementor-size-default\">Solicite sua solu\u00e7\u00e3o em codifica\u00e7\u00e3o industrial<\/h2>\t\t\t\t<\/div>\n\t\t\t\t<\/div>\n\t\t\t\t<div class=\"elementor-element elementor-element-68a5b62 elementor-widget elementor-widget-text-editor\" data-id=\"68a5b62\" data-element_type=\"widget\" data-e-type=\"widget\" data-widget_type=\"text-editor.default\">\n\t\t\t\t\t\t\t\t\t<p data-start=\"165\" data-end=\"302\">Seja para aquisi\u00e7\u00e3o ou loca\u00e7\u00e3o de equipamentos, este \u00e9 o pr\u00f3ximo passo para garantir mais precis\u00e3o e efici\u00eancia na sua linha de produ\u00e7\u00e3o.<\/p><p data-start=\"304\" data-end=\"476\">Ao falar com um especialista da CETEM, voc\u00ea encontra a solu\u00e7\u00e3o ideal para eliminar falhas de impress\u00e3o, aumentar a produtividade e garantir conformidade nos seus processos.<\/p><p data-start=\"478\" data-end=\"592\">Conte com suporte completo: da escolha do equipamento \u00e0 instala\u00e7\u00e3o, treinamento e acompanhamento t\u00e9cnico cont\u00ednuo.<\/p>\t\t\t\t\t\t\t\t<\/div>\n\t\t\t\t<div class=\"elementor-element elementor-element-5b12532 elementor-widget elementor-widget-heading\" data-id=\"5b12532\" data-element_type=\"widget\" data-e-type=\"widget\" data-widget_type=\"heading.default\">\n\t\t\t\t\t<h2 class=\"elementor-heading-title elementor-size-default\">Como podemos otimizar sua codifica\u00e7\u00e3o hoje?<\/h2>\t\t\t\t<\/div>\n\t\t\t\t<div class=\"elementor-element elementor-element-fbf1237 elementor-align-left elementor-widget elementor-widget-button\" data-id=\"fbf1237\" data-element_type=\"widget\" data-e-type=\"widget\" data-widget_type=\"button.default\">\n\t\t\t\t\t\t\t\t\t\t<a class=\"elementor-button elementor-button-link elementor-size-sm\" href=\"https:\/\/wa.me\/554191767349?text=Ol\u00e1!+Gostaria+de+mais+informa\u00e7\u00f5es+sobre+loca\u00e7\u00e3o+de+equipamentos+de+codifica\u00e7\u00e3o.+Pode+me+ajudar?\" target=\"_blank\">\n\t\t\t\t\t\t<span class=\"elementor-button-content-wrapper\">\n\t\t\t\t\t\t<span class=\"elementor-button-icon\">\n\t\t\t\t<svg aria-hidden=\"true\" class=\"e-font-icon-svg e-fab-whatsapp\" viewBox=\"0 0 448 512\" xmlns=\"http:\/\/www.w3.org\/2000\/svg\"><path d=\"M380.9 97.1C339 55.1 283.2 32 223.9 32c-122.4 0-222 99.6-222 222 0 39.1 10.2 77.3 29.6 111L0 480l117.7-30.9c32.4 17.7 68.9 27 106.1 27h.1c122.3 0 224.1-99.6 224.1-222 0-59.3-25.2-115-67.1-157zm-157 341.6c-33.2 0-65.7-8.9-94-25.7l-6.7-4-69.8 18.3L72 359.2l-4.4-7c-18.5-29.4-28.2-63.3-28.2-98.2 0-101.7 82.8-184.5 184.6-184.5 49.3 0 95.6 19.2 130.4 54.1 34.8 34.9 56.2 81.2 56.1 130.5 0 101.8-84.9 184.6-186.6 184.6zm101.2-138.2c-5.5-2.8-32.8-16.2-37.9-18-5.1-1.9-8.8-2.8-12.5 2.8-3.7 5.6-14.3 18-17.6 21.8-3.2 3.7-6.5 4.2-12 1.4-32.6-16.3-54-29.1-75.5-66-5.7-9.8 5.7-9.1 16.3-30.3 1.8-3.7.9-6.9-.5-9.7-1.4-2.8-12.5-30.1-17.1-41.2-4.5-10.8-9.1-9.3-12.5-9.5-3.2-.2-6.9-.2-10.6-.2-3.7 0-9.7 1.4-14.8 6.9-5.1 5.6-19.4 19-19.4 46.3 0 27.3 19.9 53.7 22.6 57.4 2.8 3.7 39.1 59.7 94.8 83.8 35.2 15.2 49 16.5 66.6 13.9 10.7-1.6 32.8-13.4 37.4-26.4 4.6-13 4.6-24.1 3.2-26.4-1.3-2.5-5-3.9-10.5-6.6z\"><\/path><\/svg>\t\t\t<\/span>\n\t\t\t\t\t\t\t\t\t<span class=\"elementor-button-text\">Solicitar um or\u00e7amento agora<\/span>\n\t\t\t\t\t<\/span>\n\t\t\t\t\t<\/a>\n\t\t\t\t\t\t\t\t<\/div>\n\t\t\t\t<\/div>\n\t\t<div class=\"elementor-element elementor-element-560b103 e-con-full e-flex e-con e-child\" data-id=\"560b103\" data-element_type=\"container\" data-e-type=\"container\">\n\t\t\t\t<div class=\"elementor-element elementor-element-2759c18 elementor-hidden-desktop elementor-hidden-tablet elementor-hidden-mobile elementor-widget elementor-widget-jet-form-builder-form\" data-id=\"2759c18\" data-element_type=\"widget\" data-e-type=\"widget\" data-widget_type=\"jet-form-builder-form.default\">\n\t\t\t\t<div class=\"elementor-widget-container\">\n\t\t\t\t\t<link rel='stylesheet' id='wp-block-library-css' href='https:\/\/cetem.net.br\/codificacao\/wp-includes\/css\/dist\/block-library\/style.min.css?ver=6.9.4' media='all' \/>\n<style id=\"jet-form-builder-1191-inline-css\"><\/style><form  class=\"jet-form-builder layout-column submit-type-reload\" action=\"https:\/\/cetem.net.br\/codificacao\/wp-json\/wp\/v2\/pages\/784\/?0c92WR=3v66MoK4xw06&amp;method=reload\" method=\"POST\" data-form-id=\"1191\" data-layout=\"column\" enctype=\"multipart\/form-data\" novalidate=\"null\" ssr_validation_method=\"rest\"><input type=\"hidden\" id=\"_wpnonce\" name=\"_wpnonce\" value=\"5045a9537f\" \/><input type=\"hidden\" name=\"_wp_http_referer\" value=\"\/codificacao\/wp-json\/wp\/v2\/pages\/784\" \/>\r\n<input type=\"hidden\" name=\"_jfb_current_render_states[]\" value=\"DEFAULT.STATE\" data-jfb-sync \/><input type=\"hidden\" class=\"jet-form-builder__field hidden-field\" name=\"_jet_engine_booking_form_id\" data-field-name=\"_jet_engine_booking_form_id\" value=\"1191\">\n<input type=\"hidden\" class=\"jet-form-builder__field hidden-field\" name=\"_jet_engine_refer\" data-field-name=\"_jet_engine_refer\" value=\"https:\/\/cetem.net.br\/codificacao\/wp-json\/wp\/v2\/pages\/784\/\">\n<input type=\"hidden\" class=\"jet-form-builder__field hidden-field\" name=\"__queried_post_id\" data-field-name=\"__queried_post_id\" value=\"784\">\n\n\n<div  class=\"jet-form-builder-row field-type-text-field\" >\n<div class=\"jet-form-builder__field-wrap\">\n\t\t\t\t<input placeholder=\"Nome\" required=\"required\" name=\"field_nome\" id=\"field_nome\" type=\"text\" data-field-name=\"field_nome\" class=\"jet-form-builder__field text-field\" data-jfb-sync=\"null\" autocomplete=\"off_HBcNpGdf\">\n\t\t\t\t\t<\/div>\n<\/div>\n\n<div  class=\"jet-form-builder-row field-type-text-field\" >\n<div class=\"jet-form-builder__field-wrap\">\n\t\t\t\t<input placeholder=\"Empresa\" required=\"required\" name=\"field_empresa\" id=\"field_empresa\" type=\"text\" data-field-name=\"field_empresa\" class=\"jet-form-builder__field text-field\" data-jfb-sync=\"null\" autocomplete=\"off_NcOJK1kR\">\n\t\t\t\t\t<\/div>\n<\/div>\n\n<div  class=\"jet-form-builder-row field-type-text-field\" >\n<div class=\"jet-form-builder__field-wrap\">\n\t\t\t\t<input placeholder=\"WhatsApp\" required=\"required\" name=\"field_whatsapp\" id=\"field_whatsapp\" type=\"tel\" data-field-name=\"field_whatsapp\" class=\"jet-form-builder__field text-field jet-form-builder__masked-field\" data-jfb-sync=\"null\" autocomplete=\"off_k1QuABpZ\" data-inputmask=\"&#039;mask&#039;: &#039;(99) 9 9999-9999&#039;\" data-inputmask-placeholder=\"_\" data-inputmask-showmaskonhover=\"false\">\n\t\t\t\t\t<\/div>\n<\/div>\n\n<div  class=\"jet-form-builder-row field-type-text-field\" >\n<div class=\"jet-form-builder__field-wrap\">\n\t\t\t\t<input placeholder=\"E-mail\" required=\"required\" name=\"field_email\" id=\"field_email\" type=\"email\" data-field-name=\"field_email\" class=\"jet-form-builder__field text-field\" data-jfb-sync=\"null\" autocomplete=\"off_lXfwq2r8\">\n\t\t\t\t\t<\/div>\n<\/div>\n\n<div  class=\"jet-form-builder-row field-type-textarea-field\" >\n<div class=\"jet-form-builder__field-wrap\">\n\t\t<textarea class=\"jet-form-builder__field textarea-field\" placeholder=\"Mensagem \" name=\"field_mensagem\" data-field-name=\"field_mensagem\" id=\"field_mensagem\" data-jfb-sync=\"null\"><\/textarea>\n\t<\/div>\n<\/div>\n\n\n<input type=\"hidden\" class=\"captcha-token\" name=\"_captcha_token\" value=\"\"\/>\n\n\n<div  class=\"jet-form-builder-row field-type-submit-field\" >\n\t<div data-type=\"submit\" class=\"jet-form-builder__action-button-wrapper jet-form-builder__submit-wrap\">\n\t<button class=\"jet-form-builder__action-button jet-form-builder__submit submit-type-reload\" type=\"submit\">Enviar<\/button>\n\t<\/div>\n\t\n<\/div>\n\n\n<p><\/p>\n\t<div class=\"jet-form-builder-messages-wrap\" data-form-id=\"1191\"><\/div>\n<input\n                    class=\"apbct_special_field apbct_email_id__elementor_form\"\n                    name=\"apbct__email_id__elementor_form\"\n                    aria-label=\"apbct__label_id__elementor_form\"\n                    type=\"text\" size=\"30\" maxlength=\"200\" autocomplete=\"off\"\n                    value=\"\"\n                \/><\/form>\n\t\t\t\t<\/div>\n\t\t\t\t<\/div>\n\t\t\t\t<\/div>\n\t\t\t\t\t<\/div>\n\t\t\t\t<\/div>\n\t\t\t\t<\/div>\n\t\t","protected":false},"excerpt":{"rendered":"<p>Loca\u00e7\u00e3o Solicite sua solu\u00e7\u00e3o em codifica\u00e7\u00e3o industrial Seja para aquisi\u00e7\u00e3o ou loca\u00e7\u00e3o de equipamentos, este \u00e9 o pr\u00f3ximo passo para garantir mais precis\u00e3o e efici\u00eancia na sua linha de produ\u00e7\u00e3o. Ao falar com um especialista da CETEM, voc\u00ea encontra a solu\u00e7\u00e3o ideal para eliminar falhas de impress\u00e3o, aumentar a produtividade e garantir conformidade nos seus [&hellip;]<\/p>\n","protected":false},"author":1,"featured_media":0,"parent":0,"menu_order":0,"comment_status":"closed","ping_status":"closed","template":"","meta":{"inline_featured_image":false,"footnotes":""},"class_list":["post-784","page","type-page","status-publish","hentry"],"_links":{"self":[{"href":"https:\/\/cetem.net.br\/codificacao\/wp-json\/wp\/v2\/pages\/784","targetHints":{"allow":["GET"]}}],"collection":[{"href":"https:\/\/cetem.net.br\/codificacao\/wp-json\/wp\/v2\/pages"}],"about":[{"href":"https:\/\/cetem.net.br\/codificacao\/wp-json\/wp\/v2\/types\/page"}],"author":[{"embeddable":true,"href":"https:\/\/cetem.net.br\/codificacao\/wp-json\/wp\/v2\/users\/1"}],"replies":[{"embeddable":true,"href":"https:\/\/cetem.net.br\/codificacao\/wp-json\/wp\/v2\/comments?post=784"}],"version-history":[{"count":55,"href":"https:\/\/cetem.net.br\/codificacao\/wp-json\/wp\/v2\/pages\/784\/revisions"}],"predecessor-version":[{"id":1224,"href":"https:\/\/cetem.net.br\/codificacao\/wp-json\/wp\/v2\/pages\/784\/revisions\/1224"}],"wp:attachment":[{"href":"https:\/\/cetem.net.br\/codificacao\/wp-json\/wp\/v2\/media?parent=784"}],"curies":[{"name":"wp","href":"https:\/\/api.w.org\/{rel}","templated":true}]}}